{"id":527,"date":"2022-11-15T12:02:41","date_gmt":"2022-11-15T11:02:41","guid":{"rendered":"http:\/\/chaletrazzie.com\/\/contact\/"},"modified":"2024-11-13T14:40:54","modified_gmt":"2024-11-13T13:40:54","slug":"contact","status":"publish","type":"page","link":"http:\/\/chaletrazzie.com\/fr\/contact\/","title":{"rendered":"Contact"},"content":{"rendered":"","protected":false},"excerpt":{"rendered":"","protected":false},"author":5,"featured_media":0,"parent":0,"menu_order":0,"comment_status":"closed","ping_status":"closed","template":"template-modules.php","meta":{"_acf_changed":false,"footnotes":""},"class_list":["post-527","page","type-page","status-publish","hentry"],"acf":[],"yoast_head":"<!-- This site is optimized with the Yoast SEO plugin v25.3.1 - https:\/\/yoast.com\/wordpress\/plugins\/seo\/ -->\n<title>Contact Chalet Razzie Courchevel | R\u00e9servez Votre S\u00e9jour de Luxe<\/title>\n<meta name=\"description\" content=\"Contactez l\u2019\u00e9quipe du Chalet Razzie \u00e0 Courchevel pour organiser votre s\u00e9jour de r\u00eave. Pour toute question ou r\u00e9servation, appelez le +33 6 25 82 35 94 ou envoyez un email \u00e0 info@chaletrazzie.com. Vivez une exp\u00e9rience unique au c\u0153ur des Alpes.\" \/>\n<meta name=\"robots\" content=\"index, follow, max-snippet:-1, max-image-preview:large, max-video-preview:-1\" \/>\n<link rel=\"canonical\" href=\"http:\/\/chaletrazzie.com\/fr\/contact\/\" \/>\n<meta property=\"og:locale\" content=\"fr_FR\" \/>\n<meta property=\"og:type\" content=\"article\" \/>\n<meta property=\"og:title\" content=\"Contact Chalet Razzie Courchevel | R\u00e9servez Votre S\u00e9jour de Luxe\" \/>\n<meta property=\"og:description\" content=\"Contactez l\u2019\u00e9quipe du Chalet Razzie \u00e0 Courchevel pour organiser votre s\u00e9jour de r\u00eave. Pour toute question ou r\u00e9servation, appelez le +33 6 25 82 35 94 ou envoyez un email \u00e0 info@chaletrazzie.com. Vivez une exp\u00e9rience unique au c\u0153ur des Alpes.\" \/>\n<meta property=\"og:url\" content=\"http:\/\/chaletrazzie.com\/fr\/contact\/\" \/>\n<meta property=\"og:site_name\" content=\"Chalet Razzie\" \/>\n<meta property=\"article:modified_time\" content=\"2024-11-13T13:40:54+00:00\" \/>\n<meta name=\"twitter:card\" content=\"summary_large_image\" \/>\n<script type=\"application\/ld+json\" class=\"yoast-schema-graph\">{\"@context\":\"https:\/\/schema.org\",\"@graph\":[{\"@type\":\"WebPage\",\"@id\":\"http:\/\/chaletrazzie.com\/fr\/contact\/\",\"url\":\"http:\/\/chaletrazzie.com\/fr\/contact\/\",\"name\":\"Contact Chalet Razzie Courchevel | R\u00e9servez Votre S\u00e9jour de Luxe\",\"isPartOf\":{\"@id\":\"http:\/\/chaletrazzie.com\/fr\/#website\"},\"datePublished\":\"2022-11-15T11:02:41+00:00\",\"dateModified\":\"2024-11-13T13:40:54+00:00\",\"description\":\"Contactez l\u2019\u00e9quipe du Chalet Razzie \u00e0 Courchevel pour organiser votre s\u00e9jour de r\u00eave. Pour toute question ou r\u00e9servation, appelez le +33 6 25 82 35 94 ou envoyez un email \u00e0 info@chaletrazzie.com. Vivez une exp\u00e9rience unique au c\u0153ur des Alpes.\",\"breadcrumb\":{\"@id\":\"http:\/\/chaletrazzie.com\/fr\/contact\/#breadcrumb\"},\"inLanguage\":\"fr-FR\",\"potentialAction\":[{\"@type\":\"ReadAction\",\"target\":[\"http:\/\/chaletrazzie.com\/fr\/contact\/\"]}]},{\"@type\":\"BreadcrumbList\",\"@id\":\"http:\/\/chaletrazzie.com\/fr\/contact\/#breadcrumb\",\"itemListElement\":[{\"@type\":\"ListItem\",\"position\":1,\"name\":\"Home\",\"item\":\"http:\/\/chaletrazzie.com\/fr\/\"},{\"@type\":\"ListItem\",\"position\":2,\"name\":\"Contact\"}]},{\"@type\":\"WebSite\",\"@id\":\"http:\/\/chaletrazzie.com\/fr\/#website\",\"url\":\"http:\/\/chaletrazzie.com\/fr\/\",\"name\":\"Chalet Razzie\",\"description\":\"Chalet Razzie\",\"publisher\":{\"@id\":\"http:\/\/chaletrazzie.com\/fr\/#organization\"},\"alternateName\":\"chalet razzie\",\"potentialAction\":[{\"@type\":\"SearchAction\",\"target\":{\"@type\":\"EntryPoint\",\"urlTemplate\":\"http:\/\/chaletrazzie.com\/fr\/?s={search_term_string}\"},\"query-input\":{\"@type\":\"PropertyValueSpecification\",\"valueRequired\":true,\"valueName\":\"search_term_string\"}}],\"inLanguage\":\"fr-FR\"},{\"@type\":\"Organization\",\"@id\":\"http:\/\/chaletrazzie.com\/fr\/#organization\",\"name\":\"Chalet Razzie\",\"alternateName\":\"Chalet Razzie\",\"url\":\"http:\/\/chaletrazzie.com\/fr\/\",\"logo\":{\"@type\":\"ImageObject\",\"inLanguage\":\"fr-FR\",\"@id\":\"http:\/\/chaletrazzie.com\/fr\/#\/schema\/logo\/image\/\",\"url\":\"https:\/\/chaletrazzie.com\/wp-content\/uploads\/2024\/10\/chalet-razzie-logo-header-1.svg\",\"contentUrl\":\"https:\/\/chaletrazzie.com\/wp-content\/uploads\/2024\/10\/chalet-razzie-logo-header-1.svg\",\"width\":89,\"height\":89,\"caption\":\"Chalet Razzie\"},\"image\":{\"@id\":\"http:\/\/chaletrazzie.com\/fr\/#\/schema\/logo\/image\/\"}}]}<\/script>\n<!-- \/ Yoast SEO plugin. -->","yoast_head_json":{"title":"Contact Chalet Razzie Courchevel | R\u00e9servez Votre S\u00e9jour de Luxe","description":"Contactez l\u2019\u00e9quipe du Chalet Razzie \u00e0 Courchevel pour organiser votre s\u00e9jour de r\u00eave. Pour toute question ou r\u00e9servation, appelez le +33 6 25 82 35 94 ou envoyez un email \u00e0 info@chaletrazzie.com. Vivez une exp\u00e9rience unique au c\u0153ur des Alpes.","robots":{"index":"index","follow":"follow","max-snippet":"max-snippet:-1","max-image-preview":"max-image-preview:large","max-video-preview":"max-video-preview:-1"},"canonical":"http:\/\/chaletrazzie.com\/fr\/contact\/","og_locale":"fr_FR","og_type":"article","og_title":"Contact Chalet Razzie Courchevel | R\u00e9servez Votre S\u00e9jour de Luxe","og_description":"Contactez l\u2019\u00e9quipe du Chalet Razzie \u00e0 Courchevel pour organiser votre s\u00e9jour de r\u00eave. Pour toute question ou r\u00e9servation, appelez le +33 6 25 82 35 94 ou envoyez un email \u00e0 info@chaletrazzie.com. Vivez une exp\u00e9rience unique au c\u0153ur des Alpes.","og_url":"http:\/\/chaletrazzie.com\/fr\/contact\/","og_site_name":"Chalet Razzie","article_modified_time":"2024-11-13T13:40:54+00:00","twitter_card":"summary_large_image","schema":{"@context":"https:\/\/schema.org","@graph":[{"@type":"WebPage","@id":"http:\/\/chaletrazzie.com\/fr\/contact\/","url":"http:\/\/chaletrazzie.com\/fr\/contact\/","name":"Contact Chalet Razzie Courchevel | R\u00e9servez Votre S\u00e9jour de Luxe","isPartOf":{"@id":"http:\/\/chaletrazzie.com\/fr\/#website"},"datePublished":"2022-11-15T11:02:41+00:00","dateModified":"2024-11-13T13:40:54+00:00","description":"Contactez l\u2019\u00e9quipe du Chalet Razzie \u00e0 Courchevel pour organiser votre s\u00e9jour de r\u00eave. Pour toute question ou r\u00e9servation, appelez le +33 6 25 82 35 94 ou envoyez un email \u00e0 info@chaletrazzie.com. Vivez une exp\u00e9rience unique au c\u0153ur des Alpes.","breadcrumb":{"@id":"http:\/\/chaletrazzie.com\/fr\/contact\/#breadcrumb"},"inLanguage":"fr-FR","potentialAction":[{"@type":"ReadAction","target":["http:\/\/chaletrazzie.com\/fr\/contact\/"]}]},{"@type":"BreadcrumbList","@id":"http:\/\/chaletrazzie.com\/fr\/contact\/#breadcrumb","itemListElement":[{"@type":"ListItem","position":1,"name":"Home","item":"http:\/\/chaletrazzie.com\/fr\/"},{"@type":"ListItem","position":2,"name":"Contact"}]},{"@type":"WebSite","@id":"http:\/\/chaletrazzie.com\/fr\/#website","url":"http:\/\/chaletrazzie.com\/fr\/","name":"Chalet Razzie","description":"Chalet Razzie","publisher":{"@id":"http:\/\/chaletrazzie.com\/fr\/#organization"},"alternateName":"chalet razzie","potentialAction":[{"@type":"SearchAction","target":{"@type":"EntryPoint","urlTemplate":"http:\/\/chaletrazzie.com\/fr\/?s={search_term_string}"},"query-input":{"@type":"PropertyValueSpecification","valueRequired":true,"valueName":"search_term_string"}}],"inLanguage":"fr-FR"},{"@type":"Organization","@id":"http:\/\/chaletrazzie.com\/fr\/#organization","name":"Chalet Razzie","alternateName":"Chalet Razzie","url":"http:\/\/chaletrazzie.com\/fr\/","logo":{"@type":"ImageObject","inLanguage":"fr-FR","@id":"http:\/\/chaletrazzie.com\/fr\/#\/schema\/logo\/image\/","url":"https:\/\/chaletrazzie.com\/wp-content\/uploads\/2024\/10\/chalet-razzie-logo-header-1.svg","contentUrl":"https:\/\/chaletrazzie.com\/wp-content\/uploads\/2024\/10\/chalet-razzie-logo-header-1.svg","width":89,"height":89,"caption":"Chalet Razzie"},"image":{"@id":"http:\/\/chaletrazzie.com\/fr\/#\/schema\/logo\/image\/"}}]}},"_links":{"self":[{"href":"http:\/\/chaletrazzie.com\/fr\/wp-json\/wp\/v2\/pages\/527","targetHints":{"allow":["GET"]}}],"collection":[{"href":"http:\/\/chaletrazzie.com\/fr\/wp-json\/wp\/v2\/pages"}],"about":[{"href":"http:\/\/chaletrazzie.com\/fr\/wp-json\/wp\/v2\/types\/page"}],"author":[{"embeddable":true,"href":"http:\/\/chaletrazzie.com\/fr\/wp-json\/wp\/v2\/users\/5"}],"replies":[{"embeddable":true,"href":"http:\/\/chaletrazzie.com\/fr\/wp-json\/wp\/v2\/comments?post=527"}],"version-history":[{"count":10,"href":"http:\/\/chaletrazzie.com\/fr\/wp-json\/wp\/v2\/pages\/527\/revisions"}],"predecessor-version":[{"id":863,"href":"http:\/\/chaletrazzie.com\/fr\/wp-json\/wp\/v2\/pages\/527\/revisions\/863"}],"wp:attachment":[{"href":"http:\/\/chaletrazzie.com\/fr\/wp-json\/wp\/v2\/media?parent=527"}],"curies":[{"name":"wp","href":"https:\/\/api.w.org\/{rel}","templated":true}]}}