{"id":524,"date":"2022-11-15T12:02:04","date_gmt":"2022-11-15T11:02:04","guid":{"rendered":"http:\/\/chaletrazzie.com\/\/services\/"},"modified":"2025-07-25T15:05:21","modified_gmt":"2025-07-25T13:05:21","slug":"services","status":"publish","type":"page","link":"http:\/\/chaletrazzie.com\/fr\/services\/","title":{"rendered":"Nos Services"},"content":{"rendered":"","protected":false},"excerpt":{"rendered":"","protected":false},"author":5,"featured_media":0,"parent":0,"menu_order":0,"comment_status":"closed","ping_status":"closed","template":"template-modules.php","meta":{"_acf_changed":false,"footnotes":""},"class_list":["post-524","page","type-page","status-publish","hentry"],"acf":[],"yoast_head":"<!-- This site is optimized with the Yoast SEO plugin v25.3.1 - https:\/\/yoast.com\/wordpress\/plugins\/seo\/ -->\n<title>Services sur Mesure | Chalet Razzie Courchevel<\/title>\n<meta name=\"description\" content=\"Profitez de services sur mesure au Chalet Razzie \u00e0 Courchevel. Avec un chef, majordome, concierge et service de m\u00e9nage, b\u00e9n\u00e9ficiez d\u2019un s\u00e9jour unique et raffin\u00e9. \u00c0 la carte : garde d\u2019enfants, massages, transferts, location de ski et plus encore, pour un s\u00e9jour d\u2019exception en montagne.\" \/>\n<meta name=\"robots\" content=\"index, follow, max-snippet:-1, max-image-preview:large, max-video-preview:-1\" \/>\n<link rel=\"canonical\" href=\"http:\/\/chaletrazzie.com\/fr\/services\/\" \/>\n<meta property=\"og:locale\" content=\"fr_FR\" \/>\n<meta property=\"og:type\" content=\"article\" \/>\n<meta property=\"og:title\" content=\"Services sur Mesure | Chalet Razzie Courchevel\" \/>\n<meta property=\"og:description\" content=\"Profitez de services sur mesure au Chalet Razzie \u00e0 Courchevel. Avec un chef, majordome, concierge et service de m\u00e9nage, b\u00e9n\u00e9ficiez d\u2019un s\u00e9jour unique et raffin\u00e9. \u00c0 la carte : garde d\u2019enfants, massages, transferts, location de ski et plus encore, pour un s\u00e9jour d\u2019exception en montagne.\" \/>\n<meta property=\"og:url\" content=\"http:\/\/chaletrazzie.com\/fr\/services\/\" \/>\n<meta property=\"og:site_name\" content=\"Chalet Razzie\" \/>\n<meta property=\"article:modified_time\" content=\"2025-07-25T13:05:21+00:00\" \/>\n<meta name=\"twitter:card\" content=\"summary_large_image\" \/>\n<script type=\"application\/ld+json\" class=\"yoast-schema-graph\">{\"@context\":\"https:\/\/schema.org\",\"@graph\":[{\"@type\":\"WebPage\",\"@id\":\"http:\/\/chaletrazzie.com\/fr\/services\/\",\"url\":\"http:\/\/chaletrazzie.com\/fr\/services\/\",\"name\":\"Services sur Mesure | Chalet Razzie Courchevel\",\"isPartOf\":{\"@id\":\"http:\/\/chaletrazzie.com\/fr\/#website\"},\"datePublished\":\"2022-11-15T11:02:04+00:00\",\"dateModified\":\"2025-07-25T13:05:21+00:00\",\"description\":\"Profitez de services sur mesure au Chalet Razzie \u00e0 Courchevel. Avec un chef, majordome, concierge et service de m\u00e9nage, b\u00e9n\u00e9ficiez d\u2019un s\u00e9jour unique et raffin\u00e9. \u00c0 la carte : garde d\u2019enfants, massages, transferts, location de ski et plus encore, pour un s\u00e9jour d\u2019exception en montagne.\",\"breadcrumb\":{\"@id\":\"http:\/\/chaletrazzie.com\/fr\/services\/#breadcrumb\"},\"inLanguage\":\"fr-FR\",\"potentialAction\":[{\"@type\":\"ReadAction\",\"target\":[\"http:\/\/chaletrazzie.com\/fr\/services\/\"]}]},{\"@type\":\"BreadcrumbList\",\"@id\":\"http:\/\/chaletrazzie.com\/fr\/services\/#breadcrumb\",\"itemListElement\":[{\"@type\":\"ListItem\",\"position\":1,\"name\":\"Home\",\"item\":\"http:\/\/chaletrazzie.com\/fr\/\"},{\"@type\":\"ListItem\",\"position\":2,\"name\":\"Nos Services\"}]},{\"@type\":\"WebSite\",\"@id\":\"http:\/\/chaletrazzie.com\/fr\/#website\",\"url\":\"http:\/\/chaletrazzie.com\/fr\/\",\"name\":\"Chalet Razzie\",\"description\":\"Chalet Razzie\",\"publisher\":{\"@id\":\"http:\/\/chaletrazzie.com\/fr\/#organization\"},\"alternateName\":\"chalet razzie\",\"potentialAction\":[{\"@type\":\"SearchAction\",\"target\":{\"@type\":\"EntryPoint\",\"urlTemplate\":\"http:\/\/chaletrazzie.com\/fr\/?s={search_term_string}\"},\"query-input\":{\"@type\":\"PropertyValueSpecification\",\"valueRequired\":true,\"valueName\":\"search_term_string\"}}],\"inLanguage\":\"fr-FR\"},{\"@type\":\"Organization\",\"@id\":\"http:\/\/chaletrazzie.com\/fr\/#organization\",\"name\":\"Chalet Razzie\",\"alternateName\":\"Chalet Razzie\",\"url\":\"http:\/\/chaletrazzie.com\/fr\/\",\"logo\":{\"@type\":\"ImageObject\",\"inLanguage\":\"fr-FR\",\"@id\":\"http:\/\/chaletrazzie.com\/fr\/#\/schema\/logo\/image\/\",\"url\":\"https:\/\/chaletrazzie.com\/wp-content\/uploads\/2024\/10\/chalet-razzie-logo-header-1.svg\",\"contentUrl\":\"https:\/\/chaletrazzie.com\/wp-content\/uploads\/2024\/10\/chalet-razzie-logo-header-1.svg\",\"width\":89,\"height\":89,\"caption\":\"Chalet Razzie\"},\"image\":{\"@id\":\"http:\/\/chaletrazzie.com\/fr\/#\/schema\/logo\/image\/\"}}]}<\/script>\n<!-- \/ Yoast SEO plugin. -->","yoast_head_json":{"title":"Services sur Mesure | Chalet Razzie Courchevel","description":"Profitez de services sur mesure au Chalet Razzie \u00e0 Courchevel. Avec un chef, majordome, concierge et service de m\u00e9nage, b\u00e9n\u00e9ficiez d\u2019un s\u00e9jour unique et raffin\u00e9. \u00c0 la carte : garde d\u2019enfants, massages, transferts, location de ski et plus encore, pour un s\u00e9jour d\u2019exception en montagne.","robots":{"index":"index","follow":"follow","max-snippet":"max-snippet:-1","max-image-preview":"max-image-preview:large","max-video-preview":"max-video-preview:-1"},"canonical":"http:\/\/chaletrazzie.com\/fr\/services\/","og_locale":"fr_FR","og_type":"article","og_title":"Services sur Mesure | Chalet Razzie Courchevel","og_description":"Profitez de services sur mesure au Chalet Razzie \u00e0 Courchevel. Avec un chef, majordome, concierge et service de m\u00e9nage, b\u00e9n\u00e9ficiez d\u2019un s\u00e9jour unique et raffin\u00e9. \u00c0 la carte : garde d\u2019enfants, massages, transferts, location de ski et plus encore, pour un s\u00e9jour d\u2019exception en montagne.","og_url":"http:\/\/chaletrazzie.com\/fr\/services\/","og_site_name":"Chalet Razzie","article_modified_time":"2025-07-25T13:05:21+00:00","twitter_card":"summary_large_image","schema":{"@context":"https:\/\/schema.org","@graph":[{"@type":"WebPage","@id":"http:\/\/chaletrazzie.com\/fr\/services\/","url":"http:\/\/chaletrazzie.com\/fr\/services\/","name":"Services sur Mesure | Chalet Razzie Courchevel","isPartOf":{"@id":"http:\/\/chaletrazzie.com\/fr\/#website"},"datePublished":"2022-11-15T11:02:04+00:00","dateModified":"2025-07-25T13:05:21+00:00","description":"Profitez de services sur mesure au Chalet Razzie \u00e0 Courchevel. Avec un chef, majordome, concierge et service de m\u00e9nage, b\u00e9n\u00e9ficiez d\u2019un s\u00e9jour unique et raffin\u00e9. \u00c0 la carte : garde d\u2019enfants, massages, transferts, location de ski et plus encore, pour un s\u00e9jour d\u2019exception en montagne.","breadcrumb":{"@id":"http:\/\/chaletrazzie.com\/fr\/services\/#breadcrumb"},"inLanguage":"fr-FR","potentialAction":[{"@type":"ReadAction","target":["http:\/\/chaletrazzie.com\/fr\/services\/"]}]},{"@type":"BreadcrumbList","@id":"http:\/\/chaletrazzie.com\/fr\/services\/#breadcrumb","itemListElement":[{"@type":"ListItem","position":1,"name":"Home","item":"http:\/\/chaletrazzie.com\/fr\/"},{"@type":"ListItem","position":2,"name":"Nos Services"}]},{"@type":"WebSite","@id":"http:\/\/chaletrazzie.com\/fr\/#website","url":"http:\/\/chaletrazzie.com\/fr\/","name":"Chalet Razzie","description":"Chalet Razzie","publisher":{"@id":"http:\/\/chaletrazzie.com\/fr\/#organization"},"alternateName":"chalet razzie","potentialAction":[{"@type":"SearchAction","target":{"@type":"EntryPoint","urlTemplate":"http:\/\/chaletrazzie.com\/fr\/?s={search_term_string}"},"query-input":{"@type":"PropertyValueSpecification","valueRequired":true,"valueName":"search_term_string"}}],"inLanguage":"fr-FR"},{"@type":"Organization","@id":"http:\/\/chaletrazzie.com\/fr\/#organization","name":"Chalet Razzie","alternateName":"Chalet Razzie","url":"http:\/\/chaletrazzie.com\/fr\/","logo":{"@type":"ImageObject","inLanguage":"fr-FR","@id":"http:\/\/chaletrazzie.com\/fr\/#\/schema\/logo\/image\/","url":"https:\/\/chaletrazzie.com\/wp-content\/uploads\/2024\/10\/chalet-razzie-logo-header-1.svg","contentUrl":"https:\/\/chaletrazzie.com\/wp-content\/uploads\/2024\/10\/chalet-razzie-logo-header-1.svg","width":89,"height":89,"caption":"Chalet Razzie"},"image":{"@id":"http:\/\/chaletrazzie.com\/fr\/#\/schema\/logo\/image\/"}}]}},"_links":{"self":[{"href":"http:\/\/chaletrazzie.com\/fr\/wp-json\/wp\/v2\/pages\/524","targetHints":{"allow":["GET"]}}],"collection":[{"href":"http:\/\/chaletrazzie.com\/fr\/wp-json\/wp\/v2\/pages"}],"about":[{"href":"http:\/\/chaletrazzie.com\/fr\/wp-json\/wp\/v2\/types\/page"}],"author":[{"embeddable":true,"href":"http:\/\/chaletrazzie.com\/fr\/wp-json\/wp\/v2\/users\/5"}],"replies":[{"embeddable":true,"href":"http:\/\/chaletrazzie.com\/fr\/wp-json\/wp\/v2\/comments?post=524"}],"version-history":[{"count":32,"href":"http:\/\/chaletrazzie.com\/fr\/wp-json\/wp\/v2\/pages\/524\/revisions"}],"predecessor-version":[{"id":957,"href":"http:\/\/chaletrazzie.com\/fr\/wp-json\/wp\/v2\/pages\/524\/revisions\/957"}],"wp:attachment":[{"href":"http:\/\/chaletrazzie.com\/fr\/wp-json\/wp\/v2\/media?parent=524"}],"curies":[{"name":"wp","href":"https:\/\/api.w.org\/{rel}","templated":true}]}}